{"id":91,"date":"2020-07-06T21:31:43","date_gmt":"2020-07-07T02:31:43","guid":{"rendered":"http:\/\/jacqueslavoieconstruction.com\/?page_id=91"},"modified":"2020-11-02T15:45:58","modified_gmt":"2020-11-02T20:45:58","slug":"mobilite-restreinte","status":"publish","type":"page","link":"https:\/\/jacqueslavoieconstruction.com\/?page_id=91","title":{"rendered":"Mobilit\u00e9 restreinte"},"content":{"rendered":"\n<p>Nous sommes en mesure de r\u00e9aliser des cuisines et faire des r\u00e9novations adapt\u00e9s r\u00e9pondant \u00e0 des besoins sp\u00e9cifiques, pour les personnes en fauteuil roulant ou \u00e0 d\u00e9placement restreint.<\/p>\n\n\n\n<div id=\"envira-gallery-wrap-134\" class=\"envira-gallery-wrap envira-gallery-theme-base envira-lightbox-theme-base\" itemscope itemtype=\"https:\/\/schema.org\/ImageGallery\"><div data-row-height=\"375\" data-gallery-theme=\"normal\" id=\"envira-gallery-134\" class=\"envira-gallery-public envira-gallery-justified-public envira-gallery-0-columns envira-clear enviratope envira-gallery-css-animations\" data-envira-columns=\"0\"><div id=\"envira-gallery-item-319\" class=\"envira-gallery-item enviratope-item envira-gallery-item-1 envira-lazy-load\" style=\"padding-left: 5px; padding-bottom: 10px; padding-right: 5px;\"  itemscope itemtype=\"https:\/\/schema.org\/ImageObject\"><div class=\"envira-gallery-item-inner\"><div class=\"envira-gallery-position-overlay  envira-gallery-top-left\"><\/div><div class=\"envira-gallery-position-overlay  envira-gallery-top-right\"><\/div><div class=\"envira-gallery-position-overlay  envira-gallery-bottom-left\"><\/div><div class=\"envira-gallery-position-overlay  envira-gallery-bottom-right\"><\/div><a href=\"http:\/\/jacqueslavoieconstruction.com\/wp-content\/uploads\/IMG_4268.jpg\" class=\"envira-gallery-134 envira-gallery-link\" rel=\"enviragallery134\" title=\"Mobilit\u00e9 restraite\" data-envira-caption=\"Mobilit\u00e9 restraite\" data-envira-retina=\"\" data-thumbnail=\"\"  itemprop=\"contentUrl\"><img decoding=\"async\" id=\"envira-gallery-image-319\" class=\"envira-gallery-image envira-gallery-image-1 envira-normal envira-lazy\" data-envira-index=\"1\" src=\"https:\/\/jacqueslavoieconstruction.com\/wp-content\/uploads\/IMG_4268-1536x1152-640x480.jpg\" data-envira-src=\"https:\/\/jacqueslavoieconstruction.com\/wp-content\/uploads\/IMG_4268-1536x1152-640x480.jpg\" data-envira-gallery-id=\"134\" data-envira-item-id=\"319\" data-envira-caption=\"Mobilit\u00e9 restraite\" alt=\"Mobilit\u00e9 restraite\" title=\"Mobilit\u00e9 restraite\"  itemprop=\"thumbnailUrl\" data-envira-srcset=\"https:\/\/jacqueslavoieconstruction.com\/wp-content\/uploads\/IMG_4268-1536x1152-640x480.jpg 400w,https:\/\/jacqueslavoieconstruction.com\/wp-content\/uploads\/IMG_4268-1536x1152-640x480.jpg 2x\" data-envira-width=\"600\" data-envira-height=\"450\" srcset=\"data:image\/gif;base64,R0lGODlhAQABAIAAAP\/\/\/\/\/\/\/yH5BAEKAAEALAAAAAABAAEAAAICTAEAOw==\" data-safe-src=\"data:image\/gif;base64,R0lGODlhAQABAIAAAP\/\/\/\/\/\/\/yH5BAEKAAEALAAAAAABAAEAAAICTAEAOw==\" \/><\/a><\/div><\/div><div id=\"envira-gallery-item-318\" class=\"envira-gallery-item enviratope-item envira-gallery-item-2 envira-lazy-load\" style=\"padding-left: 5px; padding-bottom: 10px; padding-right: 5px;\"  itemscope itemtype=\"https:\/\/schema.org\/ImageObject\"><div class=\"envira-gallery-item-inner\"><div class=\"envira-gallery-position-overlay  envira-gallery-top-left\"><\/div><div class=\"envira-gallery-position-overlay  envira-gallery-top-right\"><\/div><div class=\"envira-gallery-position-overlay  envira-gallery-bottom-left\"><\/div><div class=\"envira-gallery-position-overlay  envira-gallery-bottom-right\"><\/div><a href=\"http:\/\/jacqueslavoieconstruction.com\/wp-content\/uploads\/IMG_4266.jpg\" class=\"envira-gallery-134 envira-gallery-link\" rel=\"enviragallery134\" title=\"Mobilit\u00e9 restraite\" data-envira-caption=\"Mobilit\u00e9 restraite\" data-envira-retina=\"\" data-thumbnail=\"\"  itemprop=\"contentUrl\"><img decoding=\"async\" id=\"envira-gallery-image-318\" class=\"envira-gallery-image envira-gallery-image-2 envira-normal envira-lazy\" data-envira-index=\"2\" src=\"https:\/\/jacqueslavoieconstruction.com\/wp-content\/uploads\/IMG_4266-e1604353213408-1536x964-640x480.jpg\" data-envira-src=\"https:\/\/jacqueslavoieconstruction.com\/wp-content\/uploads\/IMG_4266-e1604353213408-1536x964-640x480.jpg\" data-envira-gallery-id=\"134\" data-envira-item-id=\"318\" data-envira-caption=\"Mobilit\u00e9 restraite\" alt=\"Mobilit\u00e9 restraite\" title=\"Mobilit\u00e9 restraite\"  itemprop=\"thumbnailUrl\" data-envira-srcset=\"https:\/\/jacqueslavoieconstruction.com\/wp-content\/uploads\/IMG_4266-e1604353213408-1536x964-640x480.jpg 400w,https:\/\/jacqueslavoieconstruction.com\/wp-content\/uploads\/IMG_4266-e1604353213408-1536x964-640x480.jpg 2x\" data-envira-width=\"600\" data-envira-height=\"377\" srcset=\"data:image\/gif;base64,R0lGODlhAQABAIAAAP\/\/\/\/\/\/\/yH5BAEKAAEALAAAAAABAAEAAAICTAEAOw==\" data-safe-src=\"data:image\/gif;base64,R0lGODlhAQABAIAAAP\/\/\/\/\/\/\/yH5BAEKAAEALAAAAAABAAEAAAICTAEAOw==\" \/><\/a><\/div><\/div><div id=\"envira-gallery-item-444\" class=\"envira-gallery-item enviratope-item envira-gallery-item-3 envira-lazy-load\" style=\"padding-left: 5px; padding-bottom: 10px; padding-right: 5px;\"  itemscope itemtype=\"https:\/\/schema.org\/ImageObject\"><div class=\"envira-gallery-item-inner\"><div class=\"envira-gallery-position-overlay  envira-gallery-top-left\"><\/div><div class=\"envira-gallery-position-overlay  envira-gallery-top-right\"><\/div><div class=\"envira-gallery-position-overlay  envira-gallery-bottom-left\"><\/div><div class=\"envira-gallery-position-overlay  envira-gallery-bottom-right\"><\/div><a href=\"http:\/\/jacqueslavoieconstruction.com\/wp-content\/uploads\/PC190026.jpg\" class=\"envira-gallery-134 envira-gallery-link\" rel=\"enviragallery134\" title=\"accessoire pour facilit\u00e9 l'acc\u00e8s\" data-envira-caption=\"accessoire pour facilit\u00e9 l'acc\u00e8s\" data-envira-retina=\"\" data-thumbnail=\"\"  itemprop=\"contentUrl\"><img decoding=\"async\" id=\"envira-gallery-image-444\" class=\"envira-gallery-image envira-gallery-image-3 envira-normal envira-lazy\" data-envira-index=\"3\" src=\"https:\/\/jacqueslavoieconstruction.com\/wp-content\/uploads\/PC190026-1152x1536-640x480.jpg\" data-envira-src=\"https:\/\/jacqueslavoieconstruction.com\/wp-content\/uploads\/PC190026-1152x1536-640x480.jpg\" data-envira-gallery-id=\"134\" data-envira-item-id=\"444\" data-envira-caption=\"accessoire pour facilit\u00e9 l'acc\u00e8s\" alt=\"accessoire pour facilit\u00e9 l&#039;acc\u00e8s\" title=\"accessoire pour facilit\u00e9 l'acc\u00e8s\"  itemprop=\"thumbnailUrl\" data-envira-srcset=\"https:\/\/jacqueslavoieconstruction.com\/wp-content\/uploads\/PC190026-1152x1536-640x480.jpg 400w,https:\/\/jacqueslavoieconstruction.com\/wp-content\/uploads\/PC190026-1152x1536-640x480.jpg 2x\" data-envira-width=\"450\" data-envira-height=\"600\" srcset=\"data:image\/gif;base64,R0lGODlhAQABAIAAAP\/\/\/\/\/\/\/yH5BAEKAAEALAAAAAABAAEAAAICTAEAOw==\" data-safe-src=\"data:image\/gif;base64,R0lGODlhAQABAIAAAP\/\/\/\/\/\/\/yH5BAEKAAEALAAAAAABAAEAAAICTAEAOw==\" \/><\/a><\/div><\/div><div id=\"envira-gallery-item-445\" class=\"envira-gallery-item enviratope-item envira-gallery-item-4 envira-lazy-load\" style=\"padding-left: 5px; padding-bottom: 10px; padding-right: 5px;\"  itemscope itemtype=\"https:\/\/schema.org\/ImageObject\"><div class=\"envira-gallery-item-inner\"><div class=\"envira-gallery-position-overlay  envira-gallery-top-left\"><\/div><div class=\"envira-gallery-position-overlay  envira-gallery-top-right\"><\/div><div class=\"envira-gallery-position-overlay  envira-gallery-bottom-left\"><\/div><div class=\"envira-gallery-position-overlay  envira-gallery-bottom-right\"><\/div><a href=\"http:\/\/jacqueslavoieconstruction.com\/wp-content\/uploads\/PC190027.jpg\" class=\"envira-gallery-134 envira-gallery-link\" rel=\"enviragallery134\" title=\"espace ergonomique\" data-envira-caption=\"espace ergonomique\" data-envira-retina=\"\" data-thumbnail=\"\"  itemprop=\"contentUrl\"><img decoding=\"async\" id=\"envira-gallery-image-445\" class=\"envira-gallery-image envira-gallery-image-4 envira-normal envira-lazy\" data-envira-index=\"4\" src=\"https:\/\/jacqueslavoieconstruction.com\/wp-content\/uploads\/PC190027-1536x1152-640x480.jpg\" data-envira-src=\"https:\/\/jacqueslavoieconstruction.com\/wp-content\/uploads\/PC190027-1536x1152-640x480.jpg\" data-envira-gallery-id=\"134\" data-envira-item-id=\"445\" data-envira-caption=\"espace ergonomique\" alt=\"espace ergonomique\" title=\"espace ergonomique\"  itemprop=\"thumbnailUrl\" data-envira-srcset=\"https:\/\/jacqueslavoieconstruction.com\/wp-content\/uploads\/PC190027-1536x1152-640x480.jpg 400w,https:\/\/jacqueslavoieconstruction.com\/wp-content\/uploads\/PC190027-1536x1152-640x480.jpg 2x\" data-envira-width=\"600\" data-envira-height=\"450\" srcset=\"data:image\/gif;base64,R0lGODlhAQABAIAAAP\/\/\/\/\/\/\/yH5BAEKAAEALAAAAAABAAEAAAICTAEAOw==\" data-safe-src=\"data:image\/gif;base64,R0lGODlhAQABAIAAAP\/\/\/\/\/\/\/yH5BAEKAAEALAAAAAABAAEAAAICTAEAOw==\" \/><\/a><\/div><\/div><div id=\"envira-gallery-item-446\" class=\"envira-gallery-item enviratope-item envira-gallery-item-5 envira-lazy-load\" style=\"padding-left: 5px; padding-bottom: 10px; padding-right: 5px;\"  itemscope itemtype=\"https:\/\/schema.org\/ImageObject\"><div class=\"envira-gallery-item-inner\"><div class=\"envira-gallery-position-overlay  envira-gallery-top-left\"><\/div><div class=\"envira-gallery-position-overlay  envira-gallery-top-right\"><\/div><div class=\"envira-gallery-position-overlay  envira-gallery-bottom-left\"><\/div><div class=\"envira-gallery-position-overlay  envira-gallery-bottom-right\"><\/div><a href=\"http:\/\/jacqueslavoieconstruction.com\/wp-content\/uploads\/PC190029.jpg\" class=\"envira-gallery-134 envira-gallery-link\" rel=\"enviragallery134\" title=\"accessoire pour facilit\u00e9  l'acc\u00e8s\" data-envira-caption=\"accessoire pour facilit\u00e9  l'acc\u00e8s\" data-envira-retina=\"\" data-thumbnail=\"\"  itemprop=\"contentUrl\"><img decoding=\"async\" id=\"envira-gallery-image-446\" class=\"envira-gallery-image envira-gallery-image-5 envira-normal envira-lazy\" data-envira-index=\"5\" src=\"https:\/\/jacqueslavoieconstruction.com\/wp-content\/uploads\/PC190029-1152x1536-640x480.jpg\" data-envira-src=\"https:\/\/jacqueslavoieconstruction.com\/wp-content\/uploads\/PC190029-1152x1536-640x480.jpg\" data-envira-gallery-id=\"134\" data-envira-item-id=\"446\" data-envira-caption=\"accessoire pour facilit\u00e9  l'acc\u00e8s\" alt=\"accessoire pour facilit\u00e9  l&#039;acc\u00e8s\" title=\"accessoire pour facilit\u00e9  l'acc\u00e8s\"  itemprop=\"thumbnailUrl\" data-envira-srcset=\"https:\/\/jacqueslavoieconstruction.com\/wp-content\/uploads\/PC190029-1152x1536-640x480.jpg 400w,https:\/\/jacqueslavoieconstruction.com\/wp-content\/uploads\/PC190029-1152x1536-640x480.jpg 2x\" data-envira-width=\"450\" data-envira-height=\"600\" srcset=\"data:image\/gif;base64,R0lGODlhAQABAIAAAP\/\/\/\/\/\/\/yH5BAEKAAEALAAAAAABAAEAAAICTAEAOw==\" data-safe-src=\"data:image\/gif;base64,R0lGODlhAQABAIAAAP\/\/\/\/\/\/\/yH5BAEKAAEALAAAAAABAAEAAAICTAEAOw==\" \/><\/a><\/div><\/div><div id=\"envira-gallery-item-449\" class=\"envira-gallery-item enviratope-item envira-gallery-item-6 envira-lazy-load\" style=\"padding-left: 5px; padding-bottom: 10px; padding-right: 5px;\"  itemscope itemtype=\"https:\/\/schema.org\/ImageObject\"><div class=\"envira-gallery-item-inner\"><div class=\"envira-gallery-position-overlay  envira-gallery-top-left\"><\/div><div class=\"envira-gallery-position-overlay  envira-gallery-top-right\"><\/div><div class=\"envira-gallery-position-overlay  envira-gallery-bottom-left\"><\/div><div class=\"envira-gallery-position-overlay  envira-gallery-bottom-right\"><\/div><a href=\"http:\/\/jacqueslavoieconstruction.com\/wp-content\/uploads\/PC190024-2.jpg\" class=\"envira-gallery-134 envira-gallery-link\" rel=\"enviragallery134\" title=\"cuisine pour mobilit\u00e9 restrait\" data-envira-caption=\"cuisine pour mobilit\u00e9 restrait\" data-envira-retina=\"\" data-thumbnail=\"\"  itemprop=\"contentUrl\"><img decoding=\"async\" id=\"envira-gallery-image-449\" class=\"envira-gallery-image envira-gallery-image-6 envira-normal envira-lazy\" data-envira-index=\"6\" src=\"https:\/\/jacqueslavoieconstruction.com\/wp-content\/uploads\/PC190024-2-1536x1152-640x480.jpg\" data-envira-src=\"https:\/\/jacqueslavoieconstruction.com\/wp-content\/uploads\/PC190024-2-1536x1152-640x480.jpg\" data-envira-gallery-id=\"134\" data-envira-item-id=\"449\" data-envira-caption=\"cuisine pour mobilit\u00e9 restrait\" alt=\"cuisine pour mobilit\u00e9 restrait\" title=\"cuisine pour mobilit\u00e9 restrait\"  itemprop=\"thumbnailUrl\" data-envira-srcset=\"https:\/\/jacqueslavoieconstruction.com\/wp-content\/uploads\/PC190024-2-1536x1152-640x480.jpg 400w,https:\/\/jacqueslavoieconstruction.com\/wp-content\/uploads\/PC190024-2-1536x1152-640x480.jpg 2x\" data-envira-width=\"600\" data-envira-height=\"450\" srcset=\"data:image\/gif;base64,R0lGODlhAQABAIAAAP\/\/\/\/\/\/\/yH5BAEKAAEALAAAAAABAAEAAAICTAEAOw==\" data-safe-src=\"data:image\/gif;base64,R0lGODlhAQABAIAAAP\/\/\/\/\/\/\/yH5BAEKAAEALAAAAAABAAEAAAICTAEAOw==\" \/><\/a><\/div><\/div><\/div><\/div><noscript><img decoding=\"async\" src=\"https:\/\/jacqueslavoieconstruction.com\/wp-content\/uploads\/IMG_4268.jpg\" alt=\"Mobilit\u00e9 restraite\" \/><img decoding=\"async\" src=\"https:\/\/jacqueslavoieconstruction.com\/wp-content\/uploads\/IMG_4266-e1604353213408.jpg\" alt=\"Mobilit\u00e9 restraite\" \/><img decoding=\"async\" src=\"https:\/\/jacqueslavoieconstruction.com\/wp-content\/uploads\/PC190026.jpg\" alt=\"accessoire pour facilit\u00e9 l&#039;acc\u00e8s\" \/><img decoding=\"async\" src=\"https:\/\/jacqueslavoieconstruction.com\/wp-content\/uploads\/PC190027.jpg\" alt=\"espace ergonomique\" \/><img decoding=\"async\" src=\"https:\/\/jacqueslavoieconstruction.com\/wp-content\/uploads\/PC190029.jpg\" alt=\"accessoire pour facilit\u00e9  l&#039;acc\u00e8s\" \/><img decoding=\"async\" src=\"https:\/\/jacqueslavoieconstruction.com\/wp-content\/uploads\/PC190024-2.jpg\" alt=\"cuisine pour mobilit\u00e9 restrait\" \/><\/noscript>\n","protected":false},"excerpt":{"rendered":"<p>Nous sommes en mesure de r\u00e9aliser des cuisines et faire des r\u00e9novations adapt\u00e9s r\u00e9pondant \u00e0 des besoins sp\u00e9cifiques, pour les&hellip;<\/p>\n","protected":false},"author":1,"featured_media":0,"parent":0,"menu_order":0,"comment_status":"closed","ping_status":"closed","template":"","meta":{"footnotes":""},"class_list":["post-91","page","type-page","status-publish","hentry"],"_links":{"self":[{"href":"https:\/\/jacqueslavoieconstruction.com\/index.php?rest_route=\/wp\/v2\/pages\/91","targetHints":{"allow":["GET"]}}],"collection":[{"href":"https:\/\/jacqueslavoieconstruction.com\/index.php?rest_route=\/wp\/v2\/pages"}],"about":[{"href":"https:\/\/jacqueslavoieconstruction.com\/index.php?rest_route=\/wp\/v2\/types\/page"}],"author":[{"embeddable":true,"href":"https:\/\/jacqueslavoieconstruction.com\/index.php?rest_route=\/wp\/v2\/users\/1"}],"replies":[{"embeddable":true,"href":"https:\/\/jacqueslavoieconstruction.com\/index.php?rest_route=%2Fwp%2Fv2%2Fcomments&post=91"}],"version-history":[{"count":5,"href":"https:\/\/jacqueslavoieconstruction.com\/index.php?rest_route=\/wp\/v2\/pages\/91\/revisions"}],"predecessor-version":[{"id":376,"href":"https:\/\/jacqueslavoieconstruction.com\/index.php?rest_route=\/wp\/v2\/pages\/91\/revisions\/376"}],"wp:attachment":[{"href":"https:\/\/jacqueslavoieconstruction.com\/index.php?rest_route=%2Fwp%2Fv2%2Fmedia&parent=91"}],"curies":[{"name":"wp","href":"https:\/\/api.w.org\/{rel}","templated":true}]}}