{"id":2,"date":"2016-05-10T03:48:21","date_gmt":"2016-05-10T03:48:21","guid":{"rendered":"http:\/\/jacqueslavoieconstruction.com\/?page_id=2"},"modified":"2020-11-02T15:54:58","modified_gmt":"2020-11-02T20:54:58","slug":"sample-page","status":"publish","type":"page","link":"https:\/\/jacqueslavoieconstruction.com\/?page_id=2","title":{"rendered":"L&#8217;histoire de notre entreprise"},"content":{"rendered":"<p>Jacques Lavoie Construction est une entreprise de Saint-Jean-Port-Joli qui\u00a0 cr\u00e9\u00e9e en mai 1990 par Jacques Lavoie, propri\u00e9taire actuel.<\/p>\n<p>M. Lavoie ayant travaill\u00e9 durant plusieurs ann\u00e9es pour l&#8217;entreprise de Construction Jean Pelletier de St-Aubert d\u00e9cida d&#8217;acqu\u00e9rir celle-ci et, de ce fait, de devenir entrepreneur g\u00e9n\u00e9ral en construction et fabricant d&#8217;armoires et de meubles sur mesures. L&#8217;entreprise grandissant petit \u00e0 petit il est rejoint par sa conjointe pour les affaires administratives et pour l&#8217;implantation d&#8217;un logiciel de dessin d&#8217;armoires en trois dimensions (20-20 Design).\u00a0 Aujourd&#8217;hui, l&#8217;\u00e9quipe est compos\u00e9e de plusieurs professionnels d&#8217;exp\u00e9rience en menuiserie, en charpenterie et en \u00e9b\u00e9nisterie et en design.<\/p>\n<p>Au fil des ann\u00e9es, Jacques Lavoie Construction a su se tailler une place de premier plan sur tout le territoire de Montmagny-L&#8217;Islet, autant du c\u00f4t\u00e9 r\u00e9sidentiel que commercial. Gr\u00e2ce \u00e0 son professionnalisme indiscutable l&#8217;entreprise se d\u00e9marque par son souci d&#8217;\u00eatre \u00e0 l&#8217;\u00e9coute de ses clients , en offrant une gamme de produits innovateurs et de qualit\u00e9.<\/p>\n<p>Jacques Lavoie Construction est fier d&#8217;offrir \u00e0 sa client\u00e8le une expertise, des outils et des normes de qualit\u00e9 r\u00e9pondant \u00e0 leurs attentes:<\/p>\n<ul>\n<li>En 2003, Jacques Lavoie agrandit et modernise l&#8217;usine pour r\u00e9pondre \u00e0 la demande grandissante.<\/li>\n<li>En 2004, Jacques Lavoie Construction se procure un logiciel informatis\u00e9,\u00a0<a href=\"http:\/\/www.2020spaces.com\/fr\/produits\/2020design-fr\/\">Cuisines 20-20 Design<\/a>, permettant \u00e0 sa client\u00e8le de visualiser leur future cuisine en trois dimensions et d&#8217;y apporter des changements afin de mieux r\u00e9pondre \u00e0 leurs attentes.<\/li>\n<li>\u00c9galement en 2004, 2e agrandissement pour la r\u00e9ception et la salle de montre pour les cuisines.<\/li>\n<li>En 2005, acquisition d&#8217;un v\u00e9hicule suppl\u00e9mentaire pour l&#8217;installation.<\/li>\n<li>En 2007, Jacques Lavoie Construction devient\u00a0<a href=\"http:\/\/bpcan.com\/\">Ma\u00eetre couvreur en toiture certifi\u00e9e BP<\/a>. Ceci constitue un gage de qualit\u00e9 pour nos clients, qui profiteront ainsi d&#8217;une garantie prolong\u00e9e sur leurs toitures.<\/li>\n<li>En 2008 le site internet est mis en fonction.<\/li>\n<li>En 2010, Jacques Lavoie Construction devient l&#8217;installateur de\u00a0<a href=\"http:\/\/www.ferblanteriedelest.com\/\">bardeaux de t\u00f4les TM<\/a>\u00a0pour le territoire de Saint-Jean-Port-Joli et des environs.<\/li>\n<li>En 2014, embauche d&#8217;un dessinateur d\u00e9di\u00e9 \u00e0 faire la mod\u00e9lisation de plan a partir d&#8217;un nouveau logiciel de dessin informatique 3D (Sektchup) pour la construction et r\u00e9novation.<\/li>\n<li>En 2015, Jacques Lavoie Construction obtient l&#8217;<a href=\"http:\/\/www.garantiegcr.com\/\">accr\u00e9ditation GCR\u00a0<\/a>permettant d&#8217;offrir des constructions de garantie de maisons neuves.<\/li>\n<li>En 2017, une designer d&#8217;exp\u00e9rience et bien connue dans le milieu se joint \u00e0 l&#8217;\u00e9quipe. Elles reprends la division design 3D pour la construction et la r\u00e9novation. Elle ajoute a l&#8217;\u00e9quipe un volet d\u00e9sign et de nouveaux services.<\/li>\n<\/ul>\n<p>Toute l&#8217;\u00e9quipe de Jacques Lavoie Construction s&#8217;efforce d&#8217;offrir dans le pr\u00e9sent et dans le futur des produits de qualit\u00e9 exceptionnelle \u00e0 ses clients.<\/p>\n\n\n<p><\/p>\n","protected":false},"excerpt":{"rendered":"<p>Jacques Lavoie Construction est une entreprise de Saint-Jean-Port-Joli qui\u00a0 cr\u00e9\u00e9e en mai 1990 par Jacques Lavoie, propri\u00e9taire actuel. M. Lavoie&hellip;<\/p>\n","protected":false},"author":1,"featured_media":0,"parent":0,"menu_order":0,"comment_status":"closed","ping_status":"open","template":"","meta":{"footnotes":""},"class_list":["post-2","page","type-page","status-publish","hentry"],"_links":{"self":[{"href":"https:\/\/jacqueslavoieconstruction.com\/index.php?rest_route=\/wp\/v2\/pages\/2","targetHints":{"allow":["GET"]}}],"collection":[{"href":"https:\/\/jacqueslavoieconstruction.com\/index.php?rest_route=\/wp\/v2\/pages"}],"about":[{"href":"https:\/\/jacqueslavoieconstruction.com\/index.php?rest_route=\/wp\/v2\/types\/page"}],"author":[{"embeddable":true,"href":"https:\/\/jacqueslavoieconstruction.com\/index.php?rest_route=\/wp\/v2\/users\/1"}],"replies":[{"embeddable":true,"href":"https:\/\/jacqueslavoieconstruction.com\/index.php?rest_route=%2Fwp%2Fv2%2Fcomments&post=2"}],"version-history":[{"count":3,"href":"https:\/\/jacqueslavoieconstruction.com\/index.php?rest_route=\/wp\/v2\/pages\/2\/revisions"}],"predecessor-version":[{"id":378,"href":"https:\/\/jacqueslavoieconstruction.com\/index.php?rest_route=\/wp\/v2\/pages\/2\/revisions\/378"}],"wp:attachment":[{"href":"https:\/\/jacqueslavoieconstruction.com\/index.php?rest_route=%2Fwp%2Fv2%2Fmedia&parent=2"}],"curies":[{"name":"wp","href":"https:\/\/api.w.org\/{rel}","templated":true}]}}